{"id":292,"date":"2025-11-11T15:44:59","date_gmt":"2025-11-11T15:44:59","guid":{"rendered":"https:\/\/centroculturayaccion.edu.mx\/web\/?page_id=292"},"modified":"2025-11-11T19:25:40","modified_gmt":"2025-11-11T19:25:40","slug":"preescolar","status":"publish","type":"page","link":"https:\/\/centroculturayaccion.edu.mx\/web\/preescolar\/","title":{"rendered":"PREESCOLAR"},"content":{"rendered":"\n<figure class=\"wp-block-image size-large\"><img loading=\"lazy\" decoding=\"async\" width=\"1024\" height=\"256\" src=\"https:\/\/centroculturayaccion.edu.mx\/web\/wp-content\/uploads\/2025\/01\/2-1024x256.png\" alt=\"\" class=\"wp-image-284\" srcset=\"https:\/\/centroculturayaccion.edu.mx\/web\/wp-content\/uploads\/2025\/01\/2-1024x256.png 1024w, https:\/\/centroculturayaccion.edu.mx\/web\/wp-content\/uploads\/2025\/01\/2-300x75.png 300w, https:\/\/centroculturayaccion.edu.mx\/web\/wp-content\/uploads\/2025\/01\/2-768x192.png 768w, https:\/\/centroculturayaccion.edu.mx\/web\/wp-content\/uploads\/2025\/01\/2-1536x384.png 1536w, https:\/\/centroculturayaccion.edu.mx\/web\/wp-content\/uploads\/2025\/01\/2.png 1584w\" sizes=\"auto, (max-width: 1024px) 100vw, 1024px\" \/><\/figure>\n\n\n\n<figure class=\"wp-block-image size-large\"><img loading=\"lazy\" decoding=\"async\" width=\"1024\" height=\"256\" src=\"https:\/\/centroculturayaccion.edu.mx\/web\/wp-content\/uploads\/2025\/11\/banner-web-Preescolar-1024x256.png\" alt=\"\" class=\"wp-image-295\" srcset=\"https:\/\/centroculturayaccion.edu.mx\/web\/wp-content\/uploads\/2025\/11\/banner-web-Preescolar-1024x256.png 1024w, https:\/\/centroculturayaccion.edu.mx\/web\/wp-content\/uploads\/2025\/11\/banner-web-Preescolar-300x75.png 300w, https:\/\/centroculturayaccion.edu.mx\/web\/wp-content\/uploads\/2025\/11\/banner-web-Preescolar-768x192.png 768w, https:\/\/centroculturayaccion.edu.mx\/web\/wp-content\/uploads\/2025\/11\/banner-web-Preescolar-1536x384.png 1536w, https:\/\/centroculturayaccion.edu.mx\/web\/wp-content\/uploads\/2025\/11\/banner-web-Preescolar.png 1584w\" sizes=\"auto, (max-width: 1024px) 100vw, 1024px\" \/><\/figure>\n\n\n\n<p>En nuestra Secci\u00f3n Preescolar, acompa\u00f1amos a los ni\u00f1os y ni\u00f1as en su primer encuentro con la vida escolar, ofreciendo un ambiente c\u00e1lido, seguro y estimulante. Nuestro compromiso es <strong>vivir y anunciar la Encarnaci\u00f3n del Verbo<\/strong>, mediante una educaci\u00f3n integral que favorezca cada una de las dimensiones de la persona: afectiva, cognitiva, f\u00edsica, social y espiritual. <\/p>\n\n\n\n<div class=\"wp-block-columns is-layout-flex wp-container-core-columns-is-layout-28f84493 wp-block-columns-is-layout-flex\">\n<div class=\"wp-block-column is-layout-flow wp-block-column-is-layout-flow\">\n<figure class=\"wp-block-image size-large\"><img loading=\"lazy\" decoding=\"async\" width=\"791\" height=\"1024\" src=\"https:\/\/centroculturayaccion.edu.mx\/web\/wp-content\/uploads\/2025\/04\/folleto-5-791x1024.jpg\" alt=\"\" class=\"wp-image-259\" srcset=\"https:\/\/centroculturayaccion.edu.mx\/web\/wp-content\/uploads\/2025\/04\/folleto-5-791x1024.jpg 791w, https:\/\/centroculturayaccion.edu.mx\/web\/wp-content\/uploads\/2025\/04\/folleto-5-232x300.jpg 232w, https:\/\/centroculturayaccion.edu.mx\/web\/wp-content\/uploads\/2025\/04\/folleto-5-768x994.jpg 768w, https:\/\/centroculturayaccion.edu.mx\/web\/wp-content\/uploads\/2025\/04\/folleto-5-1187x1536.jpg 1187w, https:\/\/centroculturayaccion.edu.mx\/web\/wp-content\/uploads\/2025\/04\/folleto-5.jpg 1545w\" sizes=\"auto, (max-width: 791px) 100vw, 791px\" \/><\/figure>\n<\/div>\n\n\n\n<div class=\"wp-block-column is-layout-flow wp-block-column-is-layout-flow\">\n<figure class=\"wp-block-image size-large\"><img loading=\"lazy\" decoding=\"async\" width=\"791\" height=\"1024\" src=\"https:\/\/centroculturayaccion.edu.mx\/web\/wp-content\/uploads\/2025\/11\/folleto-2-791x1024.jpg\" alt=\"\" class=\"wp-image-306\" srcset=\"https:\/\/centroculturayaccion.edu.mx\/web\/wp-content\/uploads\/2025\/11\/folleto-2-791x1024.jpg 791w, https:\/\/centroculturayaccion.edu.mx\/web\/wp-content\/uploads\/2025\/11\/folleto-2-232x300.jpg 232w, https:\/\/centroculturayaccion.edu.mx\/web\/wp-content\/uploads\/2025\/11\/folleto-2-768x994.jpg 768w, https:\/\/centroculturayaccion.edu.mx\/web\/wp-content\/uploads\/2025\/11\/folleto-2-1187x1536.jpg 1187w, https:\/\/centroculturayaccion.edu.mx\/web\/wp-content\/uploads\/2025\/11\/folleto-2.jpg 1545w\" sizes=\"auto, (max-width: 791px) 100vw, 791px\" \/><\/figure>\n<\/div>\n<\/div>\n\n\n\n<figure class=\"wp-block-embed is-type-video is-provider-youtube wp-block-embed-youtube wp-embed-aspect-16-9 wp-has-aspect-ratio\"><div class=\"wp-block-embed__wrapper\">\n<iframe loading=\"lazy\" title=\"Ven y forma parte del mejor Colegio Centro Cultura y Acci\u00f3n.\" width=\"500\" height=\"281\" src=\"https:\/\/www.youtube.com\/embed\/4ybgSXgenwI?feature=oembed\" frameborder=\"0\" allow=\"accelerometer; autoplay; clipboard-write; encrypted-media; gyroscope; picture-in-picture; web-share\" referrerpolicy=\"strict-origin-when-cross-origin\" allowfullscreen><\/iframe>\n<\/div><\/figure>\n\n\n\n<div class=\"wp-block-buttons is-content-justification-center is-layout-flex wp-container-core-buttons-is-layout-a89b3969 wp-block-buttons-is-layout-flex\">\n<div class=\"wp-block-button\"><a class=\"wp-block-button__link wp-element-button\" href=\"https:\/\/whatsapp.com\/dl\/\">WhatsApp<\/a><\/div>\n\n\n\n<div class=\"wp-block-button\"><a class=\"wp-block-button__link wp-element-button\" href=\"https:\/\/www.facebook.com\/ColegioCentro\">Facebook<\/a><\/div>\n\n\n\n<div class=\"wp-block-button\"><a class=\"wp-block-button__link wp-element-button\" href=\"informes@centroculturayaccion.edu.mx\">E-mail<\/a><\/div>\n\n\n\n<div class=\"wp-block-button\"><a class=\"wp-block-button__link wp-element-button\" href=\"http:\/\/centroculturayaccion.edu.mx\">P\u00e1gina Principal<\/a><\/div>\n<\/div>\n\n\n\n<figure class=\"wp-block-image size-large\"><img loading=\"lazy\" decoding=\"async\" width=\"1024\" height=\"256\" src=\"https:\/\/centroculturayaccion.edu.mx\/web\/wp-content\/uploads\/2025\/11\/1-1024x256.png\" alt=\"\" class=\"wp-image-277\" srcset=\"https:\/\/centroculturayaccion.edu.mx\/web\/wp-content\/uploads\/2025\/11\/1-1024x256.png 1024w, https:\/\/centroculturayaccion.edu.mx\/web\/wp-content\/uploads\/2025\/11\/1-300x75.png 300w, https:\/\/centroculturayaccion.edu.mx\/web\/wp-content\/uploads\/2025\/11\/1-768x192.png 768w, https:\/\/centroculturayaccion.edu.mx\/web\/wp-content\/uploads\/2025\/11\/1-1536x384.png 1536w, https:\/\/centroculturayaccion.edu.mx\/web\/wp-content\/uploads\/2025\/11\/1.png 1584w\" sizes=\"auto, (max-width: 1024px) 100vw, 1024px\" \/><\/figure>\n","protected":false},"excerpt":{"rendered":"<p>En nuestra Secci\u00f3n Preescolar, acompa\u00f1amos a los ni\u00f1os y ni\u00f1as en su primer encuentro con la vida escolar, ofreciendo un ambiente c\u00e1lido, seguro y estimulante. Nuestro compromiso es vivir y anunciar la Encarnaci\u00f3n del Verbo, mediante una educaci\u00f3n integral que favorezca cada una de las dimensiones de la persona: afectiva, cognitiva, f\u00edsica, social y espiritual.<\/p>\n","protected":false},"author":2,"featured_media":0,"parent":0,"menu_order":0,"comment_status":"closed","ping_status":"closed","template":"","meta":{"footnotes":""},"class_list":["post-292","page","type-page","status-publish","hentry"],"_links":{"self":[{"href":"https:\/\/centroculturayaccion.edu.mx\/web\/wp-json\/wp\/v2\/pages\/292","targetHints":{"allow":["GET"]}}],"collection":[{"href":"https:\/\/centroculturayaccion.edu.mx\/web\/wp-json\/wp\/v2\/pages"}],"about":[{"href":"https:\/\/centroculturayaccion.edu.mx\/web\/wp-json\/wp\/v2\/types\/page"}],"author":[{"embeddable":true,"href":"https:\/\/centroculturayaccion.edu.mx\/web\/wp-json\/wp\/v2\/users\/2"}],"replies":[{"embeddable":true,"href":"https:\/\/centroculturayaccion.edu.mx\/web\/wp-json\/wp\/v2\/comments?post=292"}],"version-history":[{"count":5,"href":"https:\/\/centroculturayaccion.edu.mx\/web\/wp-json\/wp\/v2\/pages\/292\/revisions"}],"predecessor-version":[{"id":310,"href":"https:\/\/centroculturayaccion.edu.mx\/web\/wp-json\/wp\/v2\/pages\/292\/revisions\/310"}],"wp:attachment":[{"href":"https:\/\/centroculturayaccion.edu.mx\/web\/wp-json\/wp\/v2\/media?parent=292"}],"curies":[{"name":"wp","href":"https:\/\/api.w.org\/{rel}","templated":true}]}}