{"id":311,"date":"2025-11-11T19:43:04","date_gmt":"2025-11-11T19:43:04","guid":{"rendered":"https:\/\/centroculturayaccion.edu.mx\/web\/?page_id=311"},"modified":"2025-11-11T19:43:04","modified_gmt":"2025-11-11T19:43:04","slug":"secundaria","status":"publish","type":"page","link":"https:\/\/centroculturayaccion.edu.mx\/web\/secundaria\/","title":{"rendered":"Secundaria"},"content":{"rendered":"\n<figure class=\"wp-block-image size-large\"><img loading=\"lazy\" decoding=\"async\" width=\"1024\" height=\"256\" src=\"https:\/\/centroculturayaccion.edu.mx\/web\/wp-content\/uploads\/2025\/11\/banner-web-SEC-1024x256.png\" alt=\"\" class=\"wp-image-272\" srcset=\"https:\/\/centroculturayaccion.edu.mx\/web\/wp-content\/uploads\/2025\/11\/banner-web-SEC-1024x256.png 1024w, https:\/\/centroculturayaccion.edu.mx\/web\/wp-content\/uploads\/2025\/11\/banner-web-SEC-300x75.png 300w, https:\/\/centroculturayaccion.edu.mx\/web\/wp-content\/uploads\/2025\/11\/banner-web-SEC-768x192.png 768w, https:\/\/centroculturayaccion.edu.mx\/web\/wp-content\/uploads\/2025\/11\/banner-web-SEC-1536x384.png 1536w, https:\/\/centroculturayaccion.edu.mx\/web\/wp-content\/uploads\/2025\/11\/banner-web-SEC.png 1584w\" sizes=\"auto, (max-width: 1024px) 100vw, 1024px\" \/><\/figure>\n\n\n\n<p>En la Secci\u00f3n Secundaria del Colegio Centro Cultura y Acci\u00f3n, continuamos la misi\u00f3n de <strong>manifestar el amor del Verbo Encarnado<\/strong>, acompa\u00f1ando a nuestros adolescentes en una etapa decisiva de crecimiento personal, acad\u00e9mico y espiritual. Nuestro prop\u00f3sito es ofrecer una <strong>educaci\u00f3n integral<\/strong> que fortalezca la identidad, la autonom\u00eda, el pensamiento cr\u00edtico y los valores cristianos, formando j\u00f3venes capaces de tomar decisiones con responsabilidad y de comprometerse activamente con su entorno.<\/p>\n\n\n\n<figure class=\"wp-block-gallery has-nested-images columns-default is-cropped wp-block-gallery-1 is-layout-flex wp-block-gallery-is-layout-flex\">\n<figure class=\"wp-block-image size-large\"><img loading=\"lazy\" decoding=\"async\" width=\"1024\" height=\"256\" data-id=\"274\" src=\"https:\/\/centroculturayaccion.edu.mx\/web\/wp-content\/uploads\/2025\/11\/banner-web-SEC-1-1-1024x256.png\" alt=\"\" class=\"wp-image-274\" srcset=\"https:\/\/centroculturayaccion.edu.mx\/web\/wp-content\/uploads\/2025\/11\/banner-web-SEC-1-1-1024x256.png 1024w, https:\/\/centroculturayaccion.edu.mx\/web\/wp-content\/uploads\/2025\/11\/banner-web-SEC-1-1-300x75.png 300w, https:\/\/centroculturayaccion.edu.mx\/web\/wp-content\/uploads\/2025\/11\/banner-web-SEC-1-1-768x192.png 768w, https:\/\/centroculturayaccion.edu.mx\/web\/wp-content\/uploads\/2025\/11\/banner-web-SEC-1-1-1536x384.png 1536w, https:\/\/centroculturayaccion.edu.mx\/web\/wp-content\/uploads\/2025\/11\/banner-web-SEC-1-1.png 1584w\" sizes=\"auto, (max-width: 1024px) 100vw, 1024px\" \/><\/figure>\n<\/figure>\n\n\n\n<p>Queremos ser una comunidad educativa reconocida por su excelencia acad\u00e9mica, su profunda formaci\u00f3n humana y su compromiso social. Aspiramos a que nuestros estudiantes vivan los valores del Evangelio, desarrollen un <strong>sentido solidario y emp\u00e1tico<\/strong>, y encuentren en su experiencia escolar un espacio donde crecer en fe, conocimiento y servicio. Buscamos que nuestros egresados sean <strong>l\u00edderes positivos<\/strong>, capaces de transformar su realidad con inteligencia, creatividad y sentido \u00e9tico.<\/p>\n\n\n\n<div class=\"wp-block-columns is-layout-flex wp-container-core-columns-is-layout-28f84493 wp-block-columns-is-layout-flex\">\n<div class=\"wp-block-column is-layout-flow wp-block-column-is-layout-flow\">\n<figure class=\"wp-block-embed is-type-video is-provider-youtube wp-block-embed-youtube wp-embed-aspect-16-9 wp-has-aspect-ratio\"><div class=\"wp-block-embed__wrapper\">\n<iframe loading=\"lazy\" title=\"Proyecto: Terrario (Biolog\u00eda)\" width=\"500\" height=\"281\" src=\"https:\/\/www.youtube.com\/embed\/mPQQh6btKM8?feature=oembed\" frameborder=\"0\" allow=\"accelerometer; autoplay; clipboard-write; encrypted-media; gyroscope; picture-in-picture; web-share\" referrerpolicy=\"strict-origin-when-cross-origin\" allowfullscreen><\/iframe>\n<\/div><\/figure>\n<\/div>\n\n\n\n<div class=\"wp-block-column is-layout-flow wp-block-column-is-layout-flow\">\n<figure class=\"wp-block-embed is-type-video is-provider-youtube wp-block-embed-youtube wp-embed-aspect-16-9 wp-has-aspect-ratio\"><div class=\"wp-block-embed__wrapper\">\n<iframe loading=\"lazy\" title=\"Jornada de Concientizaci\u00f3n sobre la Gravedad del Abuso Sexual y el Maltrato Infantil.\" width=\"500\" height=\"281\" src=\"https:\/\/www.youtube.com\/embed\/9NSvVwh_MKM?feature=oembed\" frameborder=\"0\" allow=\"accelerometer; autoplay; clipboard-write; encrypted-media; gyroscope; picture-in-picture; web-share\" referrerpolicy=\"strict-origin-when-cross-origin\" allowfullscreen><\/iframe>\n<\/div><\/figure>\n<\/div>\n<\/div>\n\n\n\n<p class=\"has-text-align-center\"><strong><mark style=\"background-color:rgba(0, 0, 0, 0)\" class=\"has-inline-color has-heading-color\"><em>Promociones<\/em><\/mark><\/strong><\/p>\n\n\n\n<div class=\"wp-block-columns is-layout-flex wp-container-core-columns-is-layout-28f84493 wp-block-columns-is-layout-flex\">\n<div class=\"wp-block-column is-layout-flow wp-block-column-is-layout-flow\">\n<figure class=\"wp-block-image size-large\"><img loading=\"lazy\" decoding=\"async\" width=\"791\" height=\"1024\" src=\"https:\/\/centroculturayaccion.edu.mx\/web\/wp-content\/uploads\/2025\/11\/folleto-2-791x1024.jpg\" alt=\"\" class=\"wp-image-306\" srcset=\"https:\/\/centroculturayaccion.edu.mx\/web\/wp-content\/uploads\/2025\/11\/folleto-2-791x1024.jpg 791w, https:\/\/centroculturayaccion.edu.mx\/web\/wp-content\/uploads\/2025\/11\/folleto-2-232x300.jpg 232w, https:\/\/centroculturayaccion.edu.mx\/web\/wp-content\/uploads\/2025\/11\/folleto-2-768x994.jpg 768w, https:\/\/centroculturayaccion.edu.mx\/web\/wp-content\/uploads\/2025\/11\/folleto-2-1187x1536.jpg 1187w, https:\/\/centroculturayaccion.edu.mx\/web\/wp-content\/uploads\/2025\/11\/folleto-2.jpg 1545w\" sizes=\"auto, (max-width: 791px) 100vw, 791px\" \/><\/figure>\n<\/div>\n\n\n\n<div class=\"wp-block-column is-layout-flow wp-block-column-is-layout-flow\">\n<figure class=\"wp-block-image size-large is-resized\"><img loading=\"lazy\" decoding=\"async\" width=\"683\" height=\"1024\" src=\"https:\/\/centroculturayaccion.edu.mx\/web\/wp-content\/uploads\/2025\/04\/talleres-683x1024.png\" alt=\"\" class=\"wp-image-260\" style=\"width:421px;height:auto\" srcset=\"https:\/\/centroculturayaccion.edu.mx\/web\/wp-content\/uploads\/2025\/04\/talleres-683x1024.png 683w, https:\/\/centroculturayaccion.edu.mx\/web\/wp-content\/uploads\/2025\/04\/talleres-200x300.png 200w, https:\/\/centroculturayaccion.edu.mx\/web\/wp-content\/uploads\/2025\/04\/talleres-768x1152.png 768w, https:\/\/centroculturayaccion.edu.mx\/web\/wp-content\/uploads\/2025\/04\/talleres.png 1024w\" sizes=\"auto, (max-width: 683px) 100vw, 683px\" \/><\/figure>\n<\/div>\n<\/div>\n\n\n\n<figure class=\"wp-block-image size-large\"><img loading=\"lazy\" decoding=\"async\" width=\"1024\" height=\"256\" src=\"https:\/\/centroculturayaccion.edu.mx\/web\/wp-content\/uploads\/2025\/11\/1-1024x256.png\" alt=\"\" class=\"wp-image-277\" srcset=\"https:\/\/centroculturayaccion.edu.mx\/web\/wp-content\/uploads\/2025\/11\/1-1024x256.png 1024w, https:\/\/centroculturayaccion.edu.mx\/web\/wp-content\/uploads\/2025\/11\/1-300x75.png 300w, https:\/\/centroculturayaccion.edu.mx\/web\/wp-content\/uploads\/2025\/11\/1-768x192.png 768w, https:\/\/centroculturayaccion.edu.mx\/web\/wp-content\/uploads\/2025\/11\/1-1536x384.png 1536w, https:\/\/centroculturayaccion.edu.mx\/web\/wp-content\/uploads\/2025\/11\/1.png 1584w\" sizes=\"auto, (max-width: 1024px) 100vw, 1024px\" \/><\/figure>\n","protected":false},"excerpt":{"rendered":"<p>En la Secci\u00f3n Secundaria del Colegio Centro Cultura y Acci\u00f3n, continuamos la misi\u00f3n de manifestar el amor del Verbo Encarnado, acompa\u00f1ando a nuestros adolescentes en una etapa decisiva de crecimiento personal, acad\u00e9mico y espiritual. Nuestro prop\u00f3sito es ofrecer una educaci\u00f3n integral que fortalezca la identidad, la autonom\u00eda, el pensamiento cr\u00edtico y los valores cristianos, formando [&hellip;]<\/p>\n","protected":false},"author":2,"featured_media":0,"parent":0,"menu_order":0,"comment_status":"closed","ping_status":"closed","template":"","meta":{"footnotes":""},"class_list":["post-311","page","type-page","status-publish","hentry"],"_links":{"self":[{"href":"https:\/\/centroculturayaccion.edu.mx\/web\/wp-json\/wp\/v2\/pages\/311","targetHints":{"allow":["GET"]}}],"collection":[{"href":"https:\/\/centroculturayaccion.edu.mx\/web\/wp-json\/wp\/v2\/pages"}],"about":[{"href":"https:\/\/centroculturayaccion.edu.mx\/web\/wp-json\/wp\/v2\/types\/page"}],"author":[{"embeddable":true,"href":"https:\/\/centroculturayaccion.edu.mx\/web\/wp-json\/wp\/v2\/users\/2"}],"replies":[{"embeddable":true,"href":"https:\/\/centroculturayaccion.edu.mx\/web\/wp-json\/wp\/v2\/comments?post=311"}],"version-history":[{"count":1,"href":"https:\/\/centroculturayaccion.edu.mx\/web\/wp-json\/wp\/v2\/pages\/311\/revisions"}],"predecessor-version":[{"id":312,"href":"https:\/\/centroculturayaccion.edu.mx\/web\/wp-json\/wp\/v2\/pages\/311\/revisions\/312"}],"wp:attachment":[{"href":"https:\/\/centroculturayaccion.edu.mx\/web\/wp-json\/wp\/v2\/media?parent=311"}],"curies":[{"name":"wp","href":"https:\/\/api.w.org\/{rel}","templated":true}]}}