{"id":313,"date":"2025-11-11T20:16:22","date_gmt":"2025-11-11T20:16:22","guid":{"rendered":"https:\/\/centroculturayaccion.edu.mx\/web\/?page_id=313"},"modified":"2025-11-11T20:16:22","modified_gmt":"2025-11-11T20:16:22","slug":"bachillerato","status":"publish","type":"page","link":"https:\/\/centroculturayaccion.edu.mx\/web\/bachillerato\/","title":{"rendered":"Bachillerato"},"content":{"rendered":"\n<figure class=\"wp-block-image size-large\"><img loading=\"lazy\" decoding=\"async\" width=\"1024\" height=\"256\" src=\"https:\/\/centroculturayaccion.edu.mx\/web\/wp-content\/uploads\/2025\/11\/banner-web-BACHILLERATO-1024x256.png\" alt=\"\" class=\"wp-image-314\" srcset=\"https:\/\/centroculturayaccion.edu.mx\/web\/wp-content\/uploads\/2025\/11\/banner-web-BACHILLERATO-1024x256.png 1024w, https:\/\/centroculturayaccion.edu.mx\/web\/wp-content\/uploads\/2025\/11\/banner-web-BACHILLERATO-300x75.png 300w, https:\/\/centroculturayaccion.edu.mx\/web\/wp-content\/uploads\/2025\/11\/banner-web-BACHILLERATO-768x192.png 768w, https:\/\/centroculturayaccion.edu.mx\/web\/wp-content\/uploads\/2025\/11\/banner-web-BACHILLERATO-1536x384.png 1536w, https:\/\/centroculturayaccion.edu.mx\/web\/wp-content\/uploads\/2025\/11\/banner-web-BACHILLERATO.png 1584w\" sizes=\"auto, (max-width: 1024px) 100vw, 1024px\" \/><\/figure>\n\n\n\n<p><\/p>\n\n\n\n<p>En la Secci\u00f3n de Bachillerato, el Colegio Centro Cultura y Acci\u00f3n reafirma su compromiso de <strong>formar personas \u00edntegras, competentes y con profunda conciencia cristiana<\/strong>, capaces de responder a los desaf\u00edos del mundo actual. Inspirados en el carisma del <strong>Verbo Encarnado<\/strong>, guiamos a nuestros j\u00f3venes hacia el descubrimiento de su vocaci\u00f3n personal y profesional, promoviendo el amor por la verdad, la justicia, el servicio y el respeto a la dignidad humana.<\/p>\n\n\n\n<figure class=\"wp-block-gallery has-nested-images columns-default is-cropped wp-block-gallery-1 is-layout-flex wp-block-gallery-is-layout-flex\">\n<figure class=\"wp-block-image size-large\"><img loading=\"lazy\" decoding=\"async\" width=\"1024\" height=\"256\" data-id=\"275\" src=\"https:\/\/centroculturayaccion.edu.mx\/web\/wp-content\/uploads\/2025\/11\/banner-web-SEC-2-1024x256.png\" alt=\"\" class=\"wp-image-275\" srcset=\"https:\/\/centroculturayaccion.edu.mx\/web\/wp-content\/uploads\/2025\/11\/banner-web-SEC-2-1024x256.png 1024w, https:\/\/centroculturayaccion.edu.mx\/web\/wp-content\/uploads\/2025\/11\/banner-web-SEC-2-300x75.png 300w, https:\/\/centroculturayaccion.edu.mx\/web\/wp-content\/uploads\/2025\/11\/banner-web-SEC-2-768x192.png 768w, https:\/\/centroculturayaccion.edu.mx\/web\/wp-content\/uploads\/2025\/11\/banner-web-SEC-2-1536x384.png 1536w, https:\/\/centroculturayaccion.edu.mx\/web\/wp-content\/uploads\/2025\/11\/banner-web-SEC-2.png 1584w\" sizes=\"auto, (max-width: 1024px) 100vw, 1024px\" \/><\/figure>\n<\/figure>\n\n\n\n<p>Aspiramos a ser una comunidad educativa de excelencia, reconocida por la formaci\u00f3n de <strong>j\u00f3venes cr\u00edticos, solidarios y comprometidos con la transformaci\u00f3n de su entorno<\/strong>. En nuestra visi\u00f3n, cada alumno del Colegio Centro Cultura y Acci\u00f3n vive su fe desde la acci\u00f3n, el servicio y la coherencia de vida, prepar\u00e1ndose para continuar con \u00e9xito su formaci\u00f3n universitaria y contribuir activamente al bienestar com\u00fan.<\/p>\n\n\n\n<div class=\"wp-block-columns is-layout-flex wp-container-core-columns-is-layout-28f84493 wp-block-columns-is-layout-flex\">\n<div class=\"wp-block-column is-layout-flow wp-block-column-is-layout-flow\">\n<figure class=\"wp-block-embed is-type-video is-provider-youtube wp-block-embed-youtube wp-embed-aspect-16-9 wp-has-aspect-ratio\"><div class=\"wp-block-embed__wrapper\">\n<iframe loading=\"lazy\" title=\"Condicionamiento Cl\u00e1sico.\" width=\"500\" height=\"281\" src=\"https:\/\/www.youtube.com\/embed\/RZg81VOsebM?feature=oembed\" frameborder=\"0\" allow=\"accelerometer; autoplay; clipboard-write; encrypted-media; gyroscope; picture-in-picture; web-share\" referrerpolicy=\"strict-origin-when-cross-origin\" allowfullscreen><\/iframe>\n<\/div><\/figure>\n<\/div>\n\n\n\n<div class=\"wp-block-column is-layout-flow wp-block-column-is-layout-flow\">\n<figure class=\"wp-block-embed is-type-video is-provider-youtube wp-block-embed-youtube wp-embed-aspect-16-9 wp-has-aspect-ratio\"><div class=\"wp-block-embed__wrapper\">\n<iframe loading=\"lazy\" title=\"Generaci\u00f3n 2022- 2025 Bachillerato.\" width=\"500\" height=\"281\" src=\"https:\/\/www.youtube.com\/embed\/B764pJ1OUqo?feature=oembed\" frameborder=\"0\" allow=\"accelerometer; autoplay; clipboard-write; encrypted-media; gyroscope; picture-in-picture; web-share\" referrerpolicy=\"strict-origin-when-cross-origin\" allowfullscreen><\/iframe>\n<\/div><\/figure>\n<\/div>\n<\/div>\n\n\n\n<p class=\"has-text-align-center\"><strong>\u201cFormamos j\u00f3venes con fe firme, mente cr\u00edtica y coraz\u00f3n dispuesto al servicio.\u201d<\/strong><\/p>\n\n\n\n<div class=\"wp-block-columns is-layout-flex wp-container-core-columns-is-layout-28f84493 wp-block-columns-is-layout-flex\">\n<div class=\"wp-block-column is-layout-flow wp-block-column-is-layout-flow\">\n<figure class=\"wp-block-image size-large\"><img loading=\"lazy\" decoding=\"async\" width=\"791\" height=\"1024\" src=\"https:\/\/centroculturayaccion.edu.mx\/web\/wp-content\/uploads\/2025\/11\/folleto-2-791x1024.jpg\" alt=\"\" class=\"wp-image-306\" srcset=\"https:\/\/centroculturayaccion.edu.mx\/web\/wp-content\/uploads\/2025\/11\/folleto-2-791x1024.jpg 791w, https:\/\/centroculturayaccion.edu.mx\/web\/wp-content\/uploads\/2025\/11\/folleto-2-232x300.jpg 232w, https:\/\/centroculturayaccion.edu.mx\/web\/wp-content\/uploads\/2025\/11\/folleto-2-768x994.jpg 768w, https:\/\/centroculturayaccion.edu.mx\/web\/wp-content\/uploads\/2025\/11\/folleto-2-1187x1536.jpg 1187w, https:\/\/centroculturayaccion.edu.mx\/web\/wp-content\/uploads\/2025\/11\/folleto-2.jpg 1545w\" sizes=\"auto, (max-width: 791px) 100vw, 791px\" \/><\/figure>\n<\/div>\n\n\n\n<div class=\"wp-block-column is-layout-flow wp-block-column-is-layout-flow\">\n<figure class=\"wp-block-image size-large\"><img loading=\"lazy\" decoding=\"async\" width=\"768\" height=\"1024\" src=\"https:\/\/centroculturayaccion.edu.mx\/web\/wp-content\/uploads\/2025\/11\/talleres-1-edited-768x1024.png\" alt=\"\" class=\"wp-image-263\" srcset=\"https:\/\/centroculturayaccion.edu.mx\/web\/wp-content\/uploads\/2025\/11\/talleres-1-edited-768x1025.png 768w, https:\/\/centroculturayaccion.edu.mx\/web\/wp-content\/uploads\/2025\/11\/talleres-1-edited-225x300.png 225w, https:\/\/centroculturayaccion.edu.mx\/web\/wp-content\/uploads\/2025\/11\/talleres-1-edited.png 1024w\" sizes=\"auto, (max-width: 768px) 100vw, 768px\" \/><\/figure>\n<\/div>\n\n\n\n<div class=\"wp-block-column is-layout-flow wp-block-column-is-layout-flow\">\n<figure class=\"wp-block-image size-large\"><img loading=\"lazy\" decoding=\"async\" width=\"768\" height=\"1024\" src=\"https:\/\/centroculturayaccion.edu.mx\/web\/wp-content\/uploads\/2025\/04\/5-de-mayo.-1-768x1024.jpg\" alt=\"\" class=\"wp-image-199\" srcset=\"https:\/\/centroculturayaccion.edu.mx\/web\/wp-content\/uploads\/2025\/04\/5-de-mayo.-1-768x1024.jpg 768w, https:\/\/centroculturayaccion.edu.mx\/web\/wp-content\/uploads\/2025\/04\/5-de-mayo.-1-225x300.jpg 225w, https:\/\/centroculturayaccion.edu.mx\/web\/wp-content\/uploads\/2025\/04\/5-de-mayo.-1.jpg 960w\" sizes=\"auto, (max-width: 768px) 100vw, 768px\" \/><\/figure>\n<\/div>\n<\/div>\n\n\n\n<figure class=\"wp-block-gallery has-nested-images columns-default is-cropped wp-block-gallery-2 is-layout-flex wp-block-gallery-is-layout-flex\">\n<figure class=\"wp-block-image size-large\"><img loading=\"lazy\" decoding=\"async\" width=\"1024\" height=\"256\" data-id=\"277\" src=\"https:\/\/centroculturayaccion.edu.mx\/web\/wp-content\/uploads\/2025\/11\/1-1024x256.png\" alt=\"\" class=\"wp-image-277\" srcset=\"https:\/\/centroculturayaccion.edu.mx\/web\/wp-content\/uploads\/2025\/11\/1-1024x256.png 1024w, https:\/\/centroculturayaccion.edu.mx\/web\/wp-content\/uploads\/2025\/11\/1-300x75.png 300w, https:\/\/centroculturayaccion.edu.mx\/web\/wp-content\/uploads\/2025\/11\/1-768x192.png 768w, https:\/\/centroculturayaccion.edu.mx\/web\/wp-content\/uploads\/2025\/11\/1-1536x384.png 1536w, https:\/\/centroculturayaccion.edu.mx\/web\/wp-content\/uploads\/2025\/11\/1.png 1584w\" sizes=\"auto, (max-width: 1024px) 100vw, 1024px\" \/><\/figure>\n<\/figure>\n","protected":false},"excerpt":{"rendered":"<p>En la Secci\u00f3n de Bachillerato, el Colegio Centro Cultura y Acci\u00f3n reafirma su compromiso de formar personas \u00edntegras, competentes y con profunda conciencia cristiana, capaces de responder a los desaf\u00edos del mundo actual. Inspirados en el carisma del Verbo Encarnado, guiamos a nuestros j\u00f3venes hacia el descubrimiento de su vocaci\u00f3n personal y profesional, promoviendo el [&hellip;]<\/p>\n","protected":false},"author":2,"featured_media":0,"parent":0,"menu_order":0,"comment_status":"closed","ping_status":"closed","template":"","meta":{"footnotes":""},"class_list":["post-313","page","type-page","status-publish","hentry"],"_links":{"self":[{"href":"https:\/\/centroculturayaccion.edu.mx\/web\/wp-json\/wp\/v2\/pages\/313","targetHints":{"allow":["GET"]}}],"collection":[{"href":"https:\/\/centroculturayaccion.edu.mx\/web\/wp-json\/wp\/v2\/pages"}],"about":[{"href":"https:\/\/centroculturayaccion.edu.mx\/web\/wp-json\/wp\/v2\/types\/page"}],"author":[{"embeddable":true,"href":"https:\/\/centroculturayaccion.edu.mx\/web\/wp-json\/wp\/v2\/users\/2"}],"replies":[{"embeddable":true,"href":"https:\/\/centroculturayaccion.edu.mx\/web\/wp-json\/wp\/v2\/comments?post=313"}],"version-history":[{"count":1,"href":"https:\/\/centroculturayaccion.edu.mx\/web\/wp-json\/wp\/v2\/pages\/313\/revisions"}],"predecessor-version":[{"id":315,"href":"https:\/\/centroculturayaccion.edu.mx\/web\/wp-json\/wp\/v2\/pages\/313\/revisions\/315"}],"wp:attachment":[{"href":"https:\/\/centroculturayaccion.edu.mx\/web\/wp-json\/wp\/v2\/media?parent=313"}],"curies":[{"name":"wp","href":"https:\/\/api.w.org\/{rel}","templated":true}]}}